{"id":204,"date":"2025-04-16T14:27:43","date_gmt":"2025-04-16T12:27:43","guid":{"rendered":"https:\/\/foto.geof.unizg.hr\/mygreenyard\/?page_id=204"},"modified":"2025-05-23T08:19:41","modified_gmt":"2025-05-23T06:19:41","slug":"o-projektu","status":"publish","type":"page","link":"https:\/\/mygreenyard.geof.hr\/index.php\/o-projektu\/","title":{"rendered":"O projektu"},"content":{"rendered":"\n<div class=\"wp-block-uagb-image uagb-block-262ac802 wp-block-uagb-image--layout-default wp-block-uagb-image--effect-static wp-block-uagb-image--align-none\"><figure class=\"wp-block-uagb-image__figure\"><img loading=\"lazy\" decoding=\"async\" srcset=\"https:\/\/mygreenyard.geof.hr\/wp-content\/uploads\/2025\/04\/naslovna-ink-1-1024x683.png ,https:\/\/mygreenyard.geof.hr\/wp-content\/uploads\/2025\/04\/naslovna-ink-1.png 780w, https:\/\/mygreenyard.geof.hr\/wp-content\/uploads\/2025\/04\/naslovna-ink-1.png 360w\" sizes=\"auto, (max-width: 480px) 150px\" src=\"https:\/\/mygreenyard.geof.hr\/wp-content\/uploads\/2025\/04\/naslovna-ink-1-1024x683.png\" alt=\"\" class=\"uag-image-355\" width=\"1500\" height=\"1000\" title=\"naslovna ink\" loading=\"lazy\" role=\"img\"\/><\/figure><\/div>\n\n\n\n<p><\/p>\n\n\n\n<p>U okviru natje\u010daja Europske svemirske agencije odobren je projektni prijedlog \u201eDigitalni servisi za zeleni urbani razvoj i prilagodbu klimatskim promjenama\u201c . Navedeni projektni prijedlog plod je dugogodi\u0161njih interdisciplinarnih istra\u017eivanja u podru\u010dju geodezije, geoinformatike i ekologije. Nositelj projekta je Geodetski fakultet Sveu\u010dili\u0161ta u Zagrebu sa partnerima iz tvrtke Green Stories j.d.o.o. i Dr\u017eavne geodetske uprave.<\/p>\n\n\n\n<p>Glavni ciljevi projekta su:<\/p>\n\n\n\n<ol class=\"wp-block-list\">\n<li>Dizajnirati, razviti i demonstrirati servis za promatranje Zemlje temeljen na Copernicusu, koji je namjenjen kartiranju urbanog prostora visoke rezolucije i funkcija zelene infrastrukture u ekosustavu<\/li>\n\n\n\n<li>Ispitati i kartirati potrebe i zahtjeve u sektoru urbanog zelenog razvoja i prilagodbe klimatskim promjenama te procijeniti potencijal usluga Copernicus proizvoda i podataka o promatranju Zemlje za ispunjavanje ovih zahtjeva<\/li>\n\n\n\n<li>Dizajnirajti i proizvesti skup proizvoda koji se temelje na op\u0107enitom promatranju zemlje i klimatskim podacima koje su odobrili korisnici kao pomo\u0107ni alat za izradu planova zelenog urbanog razvoja, strategija prilagodbe klimatskim promjenama i drugih povezanih potreba u urbanim prostorima<\/li>\n<\/ol>\n\n\n\n<p>Postoji sna\u017ena op\u0107a potreba za izgradnjom prilago\u0111enog sustava, temeljenog na izvorima podataka Copernicus, koji \u0107e pru\u017eiti precizniju i eksplicitniju procjenu strukture i funkcija ekosustava zelene urbane infrastrukture, posebno u pogledu budu\u0107ih u\u010dinaka klimatskih promjena i njihove uloge prilagodbe u odr\u017eavanju dobrobiti u bliskoj budu\u0107nosti. Postoji potreba za procjenom upotrebljivosti postoje\u0107ih Copernicus podatkovnih proizvoda i njihove primjenjivosti u svrhu izrade planova urbanog zelenog razvoja. Tako\u0111er postoji potreba za dizajnom i procjenom novih pristupa koji \u0107e premostiti jaz u znanju o kapacitetu urbane vegetacije za pru\u017eanje raznih va\u017enih usluga ekosustava koje \u0107e pobolj\u0161ati bolje dono\u0161enje odluka u provo\u0111enju zelenijeg i odr\u017eivijeg prostornog planiranja. Takve su usluge bitne za urbanu dobrobit, nude\u0107i prednosti poput pro\u010di\u0161\u0107avanja zraka, hla\u0111enja, ubla\u017eavanja poplava i smanjenja buke. U tom kontekstu usluge Copernicusa nude vrijedne prostorne i klimatske podatke. Usluga nadzora zemlji\u0161ta pru\u017ea detaljne informacije o zemlji\u0161nom pokrovu (npr. male drvenaste karakteristike, gusto\u0107a nepropusnosti), dok usluga klimatskih promjena uklju\u010duje pro\u0161le uvjete i budu\u0107e scenarije relevantne za gradove.<\/p>\n\n\n\n<p>Usluge i proizvodi programa Copernicus, posebice usluga pra\u0107enja zemlji\u0161ta, pru\u017eaju vrlo snala\u017eljive prostorne informacije koje se mogu koristiti za odre\u0111ivanje strukture urbanih zelenih povr\u0161ina i drugih klasa zemlji\u0161nog pokrova s \u200b\u200brelativno visokom precizno\u0161\u0107u. S druge strane, Climate Change Service pru\u017ea \u0161irok skup podataka povezanih s klimom i pokazatelja koji se odnose na promatrane uvjete u pro\u0161losti, budu\u0107e scenarije, regionalne klimatske modele (RCM), klimatski razvoj u gradovima i potencijalno o\u010dekivane ekstremne doga\u0111aje. Copernicusovi proizvodi za daljinsko o\u010ditavanje, posebno misije Sentinel, pru\u017eaju golemu koli\u010dinu dostupnih podataka koji omogu\u0107uju procjenu strukturnih i funkcionalnih svojstava pokrova zemlje na razli\u010ditim prostornim i vremenskim skalama promatranja. Pametnom integracijom podataka iz spomenutih izvora mo\u017ee se posti\u0107i sustav dono\u0161enja odluka koji je podr\u017eavaju\u0107i za bolje prostorno planiranje i razvijanje strategije nacionalnog razvoja.<\/p>\n\n\n\n<p>Razvoj tehnologija te minimizacija senzora u zadnjih desetak godina dovela je do velike ekspanzije geodezije i geoinformatike. Podru\u010dja geodezije poput daljinskih istra\u017eivanja, fotogrametrije, geoinformatike \u0161ire svoju primjenu u druga tehni\u010dka podru\u010dja, ali i u mnoga prirodna i biotehni\u010dka (znanstvena) podru\u010dja. Na Geodetskom fakultetu ve\u0107 dugi niz godina provode se znanstvena istra\u017eivanja u cilju razvoja, primjene te \u0161irenja znanja u podru\u010dju svemirskih tehnologija poput primjene podataka Copernicus programa Europske svemirske agencije. Razvojem novih tehnologija i metoda u podru\u010dju geodezije i geoinformatike te primjena u tehni\u010dkim, biotehni\u010dkim, prirodnim i drugim znanostima, uz edukaciju studenata, osnovni je cilj djelovanja Geodetskog fakulteta. Na taj na\u010din trasira se put geodetskoj privredi i cijelom gospodarstvu za \u0161irenje poslovanja te otvaranje novih radnih mjesta.<\/p>\n\n\n\n<p>Projekt je financiran od strane Europse svemirske agencije.<\/p>\n","protected":false},"excerpt":{"rendered":"<p>U okviru natje\u010daja Europske svemirske agencije odobren je projektni prijedlog \u201eDigitalni servisi za zeleni urbani razvoj i prilagodbu klimatskim promjenama\u201c . Navedeni projektni prijedlog plod je dugogodi\u0161njih interdisciplinarnih istra\u017eivanja u podru\u010dju geodezije, geoinformatike i ekologije. Nositelj projekta je Geodetski fakultet Sveu\u010dili\u0161ta u Zagrebu sa partnerima iz tvrtke Green Stories j.d.o.o. i Dr\u017eavne geodetske uprave. Glavni [&hellip;]<\/p>\n","protected":false},"author":2,"featured_media":0,"parent":0,"menu_order":0,"comment_status":"closed","ping_status":"closed","template":"","meta":{"_uag_custom_page_level_css":"","site-sidebar-layout":"default","site-content-layout":"","ast-site-content-layout":"","site-content-style":"default","site-sidebar-style":"default","ast-global-header-display":"","ast-banner-title-visibility":"","ast-main-header-display":"","ast-hfb-above-header-display":"","ast-hfb-below-header-display":"","ast-hfb-mobile-header-display":"","site-post-title":"","ast-breadcrumbs-content":"","ast-featured-img":"","footer-sml-layout":"","theme-transparent-header-meta":"","adv-header-id-meta":"","stick-header-meta":"","header-above-stick-meta":"","header-main-stick-meta":"","header-below-stick-meta":"","astra-migrate-meta-layouts":"default","ast-page-background-enabled":"default","ast-page-background-meta":{"desktop":{"background-color":"var(--ast-global-color-5)","background-image":"","background-repeat":"repeat","background-position":"center center","background-size":"auto","background-attachment":"scroll","background-type":"","background-media":"","overlay-type":"","overlay-color":"","overlay-opacity":"","overlay-gradient":""},"tablet":{"background-color":"","background-image":"","background-repeat":"repeat","background-position":"center center","background-size":"auto","background-attachment":"scroll","background-type":"","background-media":"","overlay-type":"","overlay-color":"","overlay-opacity":"","overlay-gradient":""},"mobile":{"background-color":"","background-image":"","background-repeat":"repeat","background-position":"center center","background-size":"auto","background-attachment":"scroll","background-type":"","background-media":"","overlay-type":"","overlay-color":"","overlay-opacity":"","overlay-gradient":""}},"ast-content-background-meta":{"desktop":{"background-color":"var(--ast-global-color-4)","background-image":"","background-repeat":"repeat","background-position":"center center","background-size":"auto","background-attachment":"scroll","background-type":"","background-media":"","overlay-type":"","overlay-color":"","overlay-opacity":"","overlay-gradient":""},"tablet":{"background-color":"var(--ast-global-color-4)","background-image":"","background-repeat":"repeat","background-position":"center center","background-size":"auto","background-attachment":"scroll","background-type":"","background-media":"","overlay-type":"","overlay-color":"","overlay-opacity":"","overlay-gradient":""},"mobile":{"background-color":"var(--ast-global-color-4)","background-image":"","background-repeat":"repeat","background-position":"center center","background-size":"auto","background-attachment":"scroll","background-type":"","background-media":"","overlay-type":"","overlay-color":"","overlay-opacity":"","overlay-gradient":""}},"footnotes":""},"class_list":["post-204","page","type-page","status-publish","hentry"],"uagb_featured_image_src":{"full":false,"thumbnail":false,"medium":false,"medium_large":false,"large":false,"1536x1536":false,"2048x2048":false},"uagb_author_info":{"display_name":"Ivana Jarak","author_link":"https:\/\/mygreenyard.geof.hr\/index.php\/author\/ijarak\/"},"uagb_comment_info":0,"uagb_excerpt":"U okviru natje\u010daja Europske svemirske agencije odobren je projektni prijedlog \u201eDigitalni servisi za zeleni urbani razvoj i prilagodbu klimatskim promjenama\u201c . Navedeni projektni prijedlog plod je dugogodi\u0161njih interdisciplinarnih istra\u017eivanja u podru\u010dju geodezije, geoinformatike i ekologije. Nositelj projekta je Geodetski fakultet Sveu\u010dili\u0161ta u Zagrebu sa partnerima iz tvrtke Green Stories j.d.o.o. i Dr\u017eavne geodetske uprave. Glavni&hellip;","_links":{"self":[{"href":"https:\/\/mygreenyard.geof.hr\/index.php\/wp-json\/wp\/v2\/pages\/204","targetHints":{"allow":["GET"]}}],"collection":[{"href":"https:\/\/mygreenyard.geof.hr\/index.php\/wp-json\/wp\/v2\/pages"}],"about":[{"href":"https:\/\/mygreenyard.geof.hr\/index.php\/wp-json\/wp\/v2\/types\/page"}],"author":[{"embeddable":true,"href":"https:\/\/mygreenyard.geof.hr\/index.php\/wp-json\/wp\/v2\/users\/2"}],"replies":[{"embeddable":true,"href":"https:\/\/mygreenyard.geof.hr\/index.php\/wp-json\/wp\/v2\/comments?post=204"}],"version-history":[{"count":9,"href":"https:\/\/mygreenyard.geof.hr\/index.php\/wp-json\/wp\/v2\/pages\/204\/revisions"}],"predecessor-version":[{"id":357,"href":"https:\/\/mygreenyard.geof.hr\/index.php\/wp-json\/wp\/v2\/pages\/204\/revisions\/357"}],"wp:attachment":[{"href":"https:\/\/mygreenyard.geof.hr\/index.php\/wp-json\/wp\/v2\/media?parent=204"}],"curies":[{"name":"wp","href":"https:\/\/api.w.org\/{rel}","templated":true}]}}