{"id":43,"date":"2025-04-16T08:06:41","date_gmt":"2025-04-16T06:06:41","guid":{"rendered":"https:\/\/foto.geof.unizg.hr\/mygreenyard\/?page_id=43"},"modified":"2025-05-23T08:05:32","modified_gmt":"2025-05-23T06:05:32","slug":"projektni-partneri","status":"publish","type":"page","link":"https:\/\/mygreenyard.geof.hr\/index.php\/projektni-partneri\/","title":{"rendered":"Projektni partneri"},"content":{"rendered":"\n<div class=\"wp-block-uagb-advanced-heading uagb-block-91d91f41\"><h3 class=\"uagb-heading-text\">Geodetski fakultet \u2013 Sveu\u010dili\u0161te u Zagrebu<\/h3><\/div>\n\n\n\n<p><\/p>\n\n\n\n<figure class=\"wp-block-image size-large is-resized is-style-default\"><img fetchpriority=\"high\" decoding=\"async\" width=\"1024\" height=\"502\" src=\"https:\/\/foto.geof.unizg.hr\/mygreenyard\/wp-content\/uploads\/2025\/04\/geof_unizg_grb-1024x502.png\" alt=\"\" class=\"wp-image-73\" style=\"width:300px\" srcset=\"https:\/\/mygreenyard.geof.hr\/wp-content\/uploads\/2025\/04\/geof_unizg_grb-1024x502.png 1024w, https:\/\/mygreenyard.geof.hr\/wp-content\/uploads\/2025\/04\/geof_unizg_grb-300x147.png 300w, https:\/\/mygreenyard.geof.hr\/wp-content\/uploads\/2025\/04\/geof_unizg_grb-768x377.png 768w, https:\/\/mygreenyard.geof.hr\/wp-content\/uploads\/2025\/04\/geof_unizg_grb.png 1313w\" sizes=\"(max-width: 1024px) 100vw, 1024px\" \/><\/figure>\n\n\n\n<p><a href=\"https:\/\/www.geof.unizg.hr\">https:\/\/www.geof.unizg.hr<\/a><\/p>\n\n\n\n<p>Geodetski fakultet Sveu\u010dili\u0161ta u Zagrebu jedina je hrvatska visoko\u0161kolska ustanova u podru\u010dju geodezije i geoinformatike i najve\u0107i fakultet u tom podru\u010dju u jugoisto\u010dnoj Europi. Geodetski fakultet ima 105 zaposlenika, od \u010dega je oko polovica u znanstveno-nastavnim i znanstvenim zvanjima. Na Geodetskom fakultetu izvode se programi geodezije i geoinformatike na svim razinama (preddiplomski, diplomski, specijalisti\u010dki i poslijediplomski). Geodetski fakultet je nositelj ili partner u mnogim znanstveno-istra\u017eiva\u010dkim i stru\u010dnim projektima te sna\u017eno poti\u010de i sudjeluje u projektima s industrijskim partnerima iz okvira primjene i transfera novih tehnologija i znanja. Ve\u0107inu projekata u kojima GF sudjeluje financira Europska komisija (trenutno 2 ESA projekta, 2 projekta Horizon2020 i nekoliko ESF projekata, Interreg i dr.), ali sudjeluje i u nacionalnim projektima poput projekata Hrvatske zaklade za znanost (trenutno 4 aktivna projekta). Geodetski fakultet godi\u0161nje u prosjeku objavi 45 znanstvenih radova koji su indeksirani u bazi podataka Web of Science (WoS), od \u010dega oko polovice u Q1. Katedra za fotogrametriju i daljinska istra\u017eivanja, koja je i predlaga\u010d ovog projektnog prijedloga, nositelj je istra\u017eivanja u podru\u010dju razvoja naprednih metoda daljinske detekcije i fotogrametrije u Hrvatskoj.<\/p>\n\n\n\n<div class=\"wp-block-uagb-advanced-heading uagb-block-6892ad0b\"><h3 class=\"uagb-heading-text\">Green Stories j.d.o.o.<\/h3><\/div>\n\n\n\n<p><\/p>\n\n\n\n<figure class=\"wp-block-image size-full is-resized\"><img decoding=\"async\" width=\"20473\" height=\"7087\" src=\"https:\/\/foto.geof.unizg.hr\/mygreenyard\/wp-content\/uploads\/2025\/04\/LOGO_GS_bez-okvira1.jpg\" alt=\"\" class=\"wp-image-258\" style=\"width:320px\"\/><\/figure>\n\n\n\n<p>Tvrtka Green Stories j.d.o.o. mala privatna tvrtka sa sjedi\u0161tem u gradu Ivani\u0107-Gradu na isto\u010dnom dijelu Zagreba\u010dke \u017eupanije. Iako je rije\u010d o relativno mladoj tvrtki koja postoji ne\u0161to vi\u0161e od godinu dana, stru\u010dnost njezine vlasnice, krajobrazne arhitektice Srne Krtak, temelji se na 10 godina profesionalnog iskustva u krajobraznom planiranju i ure\u0111enju krajobraza. Primarni fokus tvrtke je krajobrazno planiranje u okviru prostornog planiranja kao \u0161to su studije i strategije zelene infrastrukture koje se potom koriste kao odre\u0111eni tip okoli\u0161nog sloja na kojem se temelji prostorni razvoj odre\u0111enog podru\u010dja. Osim krajobraznog planiranja, tvrtka tako\u0111er nudi \u0161irok raspon projekata krajobraznog dizajna kao \u0161to su projekti javnih parkova, dizajni terapeutskih vrtova, dizajni privatnih vrtova itd.<\/p>\n\n\n\n<div class=\"wp-block-uagb-advanced-heading uagb-block-bc3f8702\"><h3 class=\"uagb-heading-text\">Dr\u017eavna geodetska uprava<\/h3><\/div>\n\n\n\n<p><\/p>\n\n\n\n<figure class=\"wp-block-image size-full is-resized\"><img decoding=\"async\" width=\"800\" height=\"213\" src=\"https:\/\/foto.geof.unizg.hr\/mygreenyard\/wp-content\/uploads\/2025\/04\/DGU-logo-2021.png\" alt=\"\" class=\"wp-image-75\" style=\"width:450px\" srcset=\"https:\/\/mygreenyard.geof.hr\/wp-content\/uploads\/2025\/04\/DGU-logo-2021.png 800w, https:\/\/mygreenyard.geof.hr\/wp-content\/uploads\/2025\/04\/DGU-logo-2021-300x80.png 300w, https:\/\/mygreenyard.geof.hr\/wp-content\/uploads\/2025\/04\/DGU-logo-2021-768x204.png 768w\" sizes=\"(max-width: 800px) 100vw, 800px\" \/><\/figure>\n\n\n\n<p><a href=\"https:\/\/dgu.gov.hr\">https:\/\/dgu.gov.hr<\/a><\/p>\n\n\n\n<p>Dr\u017eavna geodetska uprava je dr\u017eavna upravna organizacija osnovana 2000. godine koja obavlja upravne i druge poslove vezane uz geodetsku i katastarsku djelatnost, a posebno izradu, obnovu i odr\u017eavanje katastra nekretnina, informatizaciju katastra i geodetsko-prostornog sustava, topografiju izmjera i izrada dr\u017eavnih karata, vo\u0111enje geodetske dokumentacije, vo\u0111enje statisti\u010dkih podataka katastra nekretnina i infrastrukture, geodetsko-katastarski poslovi dr\u017eavne granice na kopnu, razvoj i primjena tehnologije geodetskog snimanja u znanosti, gospodarstvu i drugim djelatnostima u kojima se primjenjuju ili ostvaruju zahvati u prostoru. Poseban dio poslova iz nadle\u017enosti Dr\u017eavne geodetske uprave je briga o administrativnim, stru\u010dnim, razvojnim i koordinacijskim poslovima Nacionalne infrastrukture prostornih podataka (NIPP) te provedba Direktive INSPIRE. Dr\u017eavna geodetska uprava obavlja i druge poslove koji su joj povjereni posebnim zakonom. DGU obavlja poslove iz svog djelokruga u Sredi\u0161njem uredu u Zagrebu i podru\u010dnim uredima za katastar. Podru\u010dni uredi (20) obavljaju poslove iz svoje nadle\u017enosti u odjelima (95) i ispostavama (36) sukladno Zakonu o dr\u017eavnoj izmjeri i katastru nekretnina (Narodne novine, br. 112\/18). DGU ima oko 1200 zaposlenih.<\/p>\n\n\n\n<p><\/p>\n","protected":false},"excerpt":{"rendered":"<p>Geodetski fakultet \u2013 Sveu\u010dili\u0161te u Zagrebu https:\/\/www.geof.unizg.hr Geodetski fakultet Sveu\u010dili\u0161ta u Zagrebu jedina je hrvatska visoko\u0161kolska ustanova u podru\u010dju geodezije i geoinformatike i najve\u0107i fakultet u tom podru\u010dju u jugoisto\u010dnoj Europi. Geodetski fakultet ima 105 zaposlenika, od \u010dega je oko polovica u znanstveno-nastavnim i znanstvenim zvanjima. Na Geodetskom fakultetu izvode se programi geodezije i geoinformatike [&hellip;]<\/p>\n","protected":false},"author":2,"featured_media":0,"parent":0,"menu_order":0,"comment_status":"closed","ping_status":"closed","template":"","meta":{"_uag_custom_page_level_css":"","site-sidebar-layout":"default","site-content-layout":"","ast-site-content-layout":"","site-content-style":"default","site-sidebar-style":"default","ast-global-header-display":"","ast-banner-title-visibility":"","ast-main-header-display":"","ast-hfb-above-header-display":"","ast-hfb-below-header-display":"","ast-hfb-mobile-header-display":"","site-post-title":"","ast-breadcrumbs-content":"","ast-featured-img":"","footer-sml-layout":"","theme-transparent-header-meta":"","adv-header-id-meta":"","stick-header-meta":"","header-above-stick-meta":"","header-main-stick-meta":"","header-below-stick-meta":"","astra-migrate-meta-layouts":"default","ast-page-background-enabled":"default","ast-page-background-meta":{"desktop":{"background-color":"var(--ast-global-color-5)","background-image":"","background-repeat":"repeat","background-position":"center center","background-size":"auto","background-attachment":"scroll","background-type":"","background-media":"","overlay-type":"","overlay-color":"","overlay-opacity":"","overlay-gradient":""},"tablet":{"background-color":"","background-image":"","background-repeat":"repeat","background-position":"center center","background-size":"auto","background-attachment":"scroll","background-type":"","background-media":"","overlay-type":"","overlay-color":"","overlay-opacity":"","overlay-gradient":""},"mobile":{"background-color":"","background-image":"","background-repeat":"repeat","background-position":"center center","background-size":"auto","background-attachment":"scroll","background-type":"","background-media":"","overlay-type":"","overlay-color":"","overlay-opacity":"","overlay-gradient":""}},"ast-content-background-meta":{"desktop":{"background-color":"var(--ast-global-color-4)","background-image":"","background-repeat":"repeat","background-position":"center center","background-size":"auto","background-attachment":"scroll","background-type":"","background-media":"","overlay-type":"","overlay-color":"","overlay-opacity":"","overlay-gradient":""},"tablet":{"background-color":"var(--ast-global-color-4)","background-image":"","background-repeat":"repeat","background-position":"center center","background-size":"auto","background-attachment":"scroll","background-type":"","background-media":"","overlay-type":"","overlay-color":"","overlay-opacity":"","overlay-gradient":""},"mobile":{"background-color":"var(--ast-global-color-4)","background-image":"","background-repeat":"repeat","background-position":"center center","background-size":"auto","background-attachment":"scroll","background-type":"","background-media":"","overlay-type":"","overlay-color":"","overlay-opacity":"","overlay-gradient":""}},"footnotes":""},"class_list":["post-43","page","type-page","status-publish","hentry"],"uagb_featured_image_src":{"full":false,"thumbnail":false,"medium":false,"medium_large":false,"large":false,"1536x1536":false,"2048x2048":false},"uagb_author_info":{"display_name":"Ivana Jarak","author_link":"https:\/\/mygreenyard.geof.hr\/index.php\/author\/ijarak\/"},"uagb_comment_info":0,"uagb_excerpt":"Geodetski fakultet \u2013 Sveu\u010dili\u0161te u Zagrebu https:\/\/www.geof.unizg.hr Geodetski fakultet Sveu\u010dili\u0161ta u Zagrebu jedina je hrvatska visoko\u0161kolska ustanova u podru\u010dju geodezije i geoinformatike i najve\u0107i fakultet u tom podru\u010dju u jugoisto\u010dnoj Europi. Geodetski fakultet ima 105 zaposlenika, od \u010dega je oko polovica u znanstveno-nastavnim i znanstvenim zvanjima. Na Geodetskom fakultetu izvode se programi geodezije i geoinformatike&hellip;","_links":{"self":[{"href":"https:\/\/mygreenyard.geof.hr\/index.php\/wp-json\/wp\/v2\/pages\/43","targetHints":{"allow":["GET"]}}],"collection":[{"href":"https:\/\/mygreenyard.geof.hr\/index.php\/wp-json\/wp\/v2\/pages"}],"about":[{"href":"https:\/\/mygreenyard.geof.hr\/index.php\/wp-json\/wp\/v2\/types\/page"}],"author":[{"embeddable":true,"href":"https:\/\/mygreenyard.geof.hr\/index.php\/wp-json\/wp\/v2\/users\/2"}],"replies":[{"embeddable":true,"href":"https:\/\/mygreenyard.geof.hr\/index.php\/wp-json\/wp\/v2\/comments?post=43"}],"version-history":[{"count":10,"href":"https:\/\/mygreenyard.geof.hr\/index.php\/wp-json\/wp\/v2\/pages\/43\/revisions"}],"predecessor-version":[{"id":348,"href":"https:\/\/mygreenyard.geof.hr\/index.php\/wp-json\/wp\/v2\/pages\/43\/revisions\/348"}],"wp:attachment":[{"href":"https:\/\/mygreenyard.geof.hr\/index.php\/wp-json\/wp\/v2\/media?parent=43"}],"curies":[{"name":"wp","href":"https:\/\/api.w.org\/{rel}","templated":true}]}}